{"id":589,"date":"2023-08-25T16:38:44","date_gmt":"2023-08-25T19:38:44","guid":{"rendered":"https:\/\/fenixbijuterias.com.br\/index.php\/produto\/argolinha-8mm-em-aluminio-cor-prata-250g\/"},"modified":"2024-07-02T23:47:55","modified_gmt":"2024-07-03T02:47:55","slug":"argolinha-8mm-em-aluminio-cor-prata-250g","status":"publish","type":"product","link":"https:\/\/fenixbijuterias.com.br\/index.php\/produto\/argolinha-8mm-em-aluminio-cor-prata-250g\/","title":{"rendered":"ARGOLINHA 8MM EM ALUMINIO  COR: PRATA 250G"},"content":{"rendered":"","protected":false},"excerpt":{"rendered":"<p>Produzido em aluminio a argola de guardanapos \u00e9 ideal para ser customizadas com flores, p\u00e9rolas, bolas de abs, bolas sextavadas e muito mais<\/p>\n<p>Ficha T\u00e9cnica<\/p>\n<p>Material: 100% Aluminio<br \/>\nFormato: Redondo<br \/>\nTipo: Argola<br \/>\nTamanho: 8MM<br \/>\nProduto: Nacional<\/p>\n<p>* Aten\u00e7\u00e3o: A cor do produto pode variar de acordo com a importa\u00e7\u00e3o *<br \/>\n* Conserva\u00e7\u00e3o: Para uma melhor conserva\u00e7\u00e3o do produto evitar contato com produtos qu\u00edmicos *<\/p>\n","protected":false},"featured_media":603,"comment_status":"open","ping_status":"closed","template":"","meta":{"_joinchat":[]},"product_cat":[21,24],"product_tag":[],"_links":{"self":[{"href":"https:\/\/fenixbijuterias.com.br\/index.php\/wp-json\/wp\/v2\/product\/589"}],"collection":[{"href":"https:\/\/fenixbijuterias.com.br\/index.php\/wp-json\/wp\/v2\/product"}],"about":[{"href":"https:\/\/fenixbijuterias.com.br\/index.php\/wp-json\/wp\/v2\/types\/product"}],"replies":[{"embeddable":true,"href":"https:\/\/fenixbijuterias.com.br\/index.php\/wp-json\/wp\/v2\/comments?post=589"}],"wp:featuredmedia":[{"embeddable":true,"href":"https:\/\/fenixbijuterias.com.br\/index.php\/wp-json\/wp\/v2\/media\/603"}],"wp:attachment":[{"href":"https:\/\/fenixbijuterias.com.br\/index.php\/wp-json\/wp\/v2\/media?parent=589"}],"wp:term":[{"taxonomy":"product_cat","embeddable":true,"href":"https:\/\/fenixbijuterias.com.br\/index.php\/wp-json\/wp\/v2\/product_cat?post=589"},{"taxonomy":"product_tag","embeddable":true,"href":"https:\/\/fenixbijuterias.com.br\/index.php\/wp-json\/wp\/v2\/product_tag?post=589"}],"curies":[{"name":"wp","href":"https:\/\/api.w.org\/{rel}","templated":true}]}}