{"id":586,"date":"2023-08-25T16:37:07","date_gmt":"2023-08-25T19:37:07","guid":{"rendered":"https:\/\/fenixbijuterias.com.br\/index.php\/produto\/500-micangas-coracao-de-borracha-pvc-para-pulseira-infantil-10mm\/"},"modified":"2024-07-02T23:47:55","modified_gmt":"2024-07-03T02:47:55","slug":"500-micangas-coracao-de-borracha-pvc-para-pulseira-infantil-10mm","status":"publish","type":"product","link":"https:\/\/fenixbijuterias.com.br\/index.php\/produto\/500-micangas-coracao-de-borracha-pvc-para-pulseira-infantil-10mm\/","title":{"rendered":"500 MI\u00c7ANGAS CORA\u00c7\u00c3O DE BORRACHA -PVC- PARA PULSEIRA INFANTIL 10MM"},"content":{"rendered":"","protected":false},"excerpt":{"rendered":"<p>Produzido em pvc, o entremeio\u00e9 ideal para confec\u00e7\u00e3o e customiza\u00e7\u00e3o em la\u00e7os, tiaras, roupas, bolsas, lembrancinhas, decora\u00e7\u00f5es e artesanatos em geral<\/p>\n<p>Ficha T\u00e9cnica<\/p>\n<p>Material: 100% Pvc<br \/>\nTipo: Entremeio<br \/>\nFormato: CORA\u00c7\u00c3O<br \/>\nTamanho: 10mm<br \/>\nQuantidade: 500 pe\u00e7as (Aproximadamente)<br \/>\nProduto: Importado<br \/>\nPeso: 200gr (Pacote)<\/p>\n<p>* Aten\u00e7\u00e3o: A cor do produto pode variar de acordo com a importa\u00e7\u00e3o *<br \/>\n* Conserva\u00e7\u00e3o: Para uma melhor conserva\u00e7\u00e3o do produto evitar contato com produtos qu\u00edmicos *<\/p>\n","protected":false},"featured_media":607,"comment_status":"open","ping_status":"closed","template":"","meta":{"_joinchat":[]},"product_cat":[19,24],"product_tag":[],"_links":{"self":[{"href":"https:\/\/fenixbijuterias.com.br\/index.php\/wp-json\/wp\/v2\/product\/586"}],"collection":[{"href":"https:\/\/fenixbijuterias.com.br\/index.php\/wp-json\/wp\/v2\/product"}],"about":[{"href":"https:\/\/fenixbijuterias.com.br\/index.php\/wp-json\/wp\/v2\/types\/product"}],"replies":[{"embeddable":true,"href":"https:\/\/fenixbijuterias.com.br\/index.php\/wp-json\/wp\/v2\/comments?post=586"}],"wp:featuredmedia":[{"embeddable":true,"href":"https:\/\/fenixbijuterias.com.br\/index.php\/wp-json\/wp\/v2\/media\/607"}],"wp:attachment":[{"href":"https:\/\/fenixbijuterias.com.br\/index.php\/wp-json\/wp\/v2\/media?parent=586"}],"wp:term":[{"taxonomy":"product_cat","embeddable":true,"href":"https:\/\/fenixbijuterias.com.br\/index.php\/wp-json\/wp\/v2\/product_cat?post=586"},{"taxonomy":"product_tag","embeddable":true,"href":"https:\/\/fenixbijuterias.com.br\/index.php\/wp-json\/wp\/v2\/product_tag?post=586"}],"curies":[{"name":"wp","href":"https:\/\/api.w.org\/{rel}","templated":true}]}}