{"id":568,"date":"2023-08-25T16:32:32","date_gmt":"2023-08-25T19:32:32","guid":{"rendered":"https:\/\/fenixbijuterias.com.br\/index.php\/produto\/micanga-bola-fosca-com-miolo-escuro-passante-8mm-cor-vermelho-50g\/"},"modified":"2024-07-02T23:48:18","modified_gmt":"2024-07-03T02:48:18","slug":"micanga-bola-fosca-com-miolo-escuro-passante-8mm-cor-vermelho-50g","status":"publish","type":"product","link":"https:\/\/fenixbijuterias.com.br\/index.php\/produto\/micanga-bola-fosca-com-miolo-escuro-passante-8mm-cor-vermelho-50g\/","title":{"rendered":"MI\u00c7ANGA BOLA FOSCA COM MIOLO ESCURO PASSANTE 8mm COR VERMELHO 50g"},"content":{"rendered":"","protected":false},"excerpt":{"rendered":"<p>Bola Fosca \u00e9 Ideal para confec\u00e7\u00e3o, customiza\u00e7\u00e3o em roupa, chinelos, Cortinas, bijuterias e Artesanato em Geral<\/p>\n<p>Tamanho: 8 mm<br \/>\nCor: Vermelho<br \/>\nPeso : 60g<br \/>\nMat\u00e9rial: Acr\u00edlico<br \/>\nTipo: Passante<br \/>\nFormato: Redondo<\/p>\n","protected":false},"featured_media":610,"comment_status":"open","ping_status":"closed","template":"","meta":{"_joinchat":[]},"product_cat":[19,23],"product_tag":[],"_links":{"self":[{"href":"https:\/\/fenixbijuterias.com.br\/index.php\/wp-json\/wp\/v2\/product\/568"}],"collection":[{"href":"https:\/\/fenixbijuterias.com.br\/index.php\/wp-json\/wp\/v2\/product"}],"about":[{"href":"https:\/\/fenixbijuterias.com.br\/index.php\/wp-json\/wp\/v2\/types\/product"}],"replies":[{"embeddable":true,"href":"https:\/\/fenixbijuterias.com.br\/index.php\/wp-json\/wp\/v2\/comments?post=568"}],"wp:featuredmedia":[{"embeddable":true,"href":"https:\/\/fenixbijuterias.com.br\/index.php\/wp-json\/wp\/v2\/media\/610"}],"wp:attachment":[{"href":"https:\/\/fenixbijuterias.com.br\/index.php\/wp-json\/wp\/v2\/media?parent=568"}],"wp:term":[{"taxonomy":"product_cat","embeddable":true,"href":"https:\/\/fenixbijuterias.com.br\/index.php\/wp-json\/wp\/v2\/product_cat?post=568"},{"taxonomy":"product_tag","embeddable":true,"href":"https:\/\/fenixbijuterias.com.br\/index.php\/wp-json\/wp\/v2\/product_tag?post=568"}],"curies":[{"name":"wp","href":"https:\/\/api.w.org\/{rel}","templated":true}]}}