{"id":563,"date":"2023-08-25T16:32:22","date_gmt":"2023-08-25T19:32:22","guid":{"rendered":"https:\/\/fenixbijuterias.com.br\/index.php\/produto\/100-micangas-bola-flourecente-8mm-brilha-no-escuro-para-pulseiras\/"},"modified":"2024-07-02T23:47:56","modified_gmt":"2024-07-03T02:47:56","slug":"100-micangas-bola-flourecente-8mm-brilha-no-escuro-para-pulseiras","status":"publish","type":"product","link":"https:\/\/fenixbijuterias.com.br\/index.php\/produto\/100-micangas-bola-flourecente-8mm-brilha-no-escuro-para-pulseiras\/","title":{"rendered":"100 MI\u00c7ANGAS BOLA FLOURECENTE 8MM BRILHA NO ESCURO PARA\/ Pulseiras"},"content":{"rendered":"","protected":false},"excerpt":{"rendered":"<p>Bola passante que brilha no escuro \u00e9 ideal para confec\u00e7\u00e3o de pulseiras , bijuterias, artesanato, decora\u00e7\u00f5es, Lembrancinhas e muito mais <\/p>\n<p>* Cor: Colorida<br \/>\n* Quantidade: 100 P\u00e7s<br \/>\n* Peso : 24g<br \/>\n* Tamanho: 8mm<br \/>\n* Material:Plastico<\/p>\n<p>A pronta Entrega !!<\/p>\n","protected":false},"featured_media":572,"comment_status":"open","ping_status":"closed","template":"","meta":{"_joinchat":[]},"product_cat":[19],"product_tag":[],"_links":{"self":[{"href":"https:\/\/fenixbijuterias.com.br\/index.php\/wp-json\/wp\/v2\/product\/563"}],"collection":[{"href":"https:\/\/fenixbijuterias.com.br\/index.php\/wp-json\/wp\/v2\/product"}],"about":[{"href":"https:\/\/fenixbijuterias.com.br\/index.php\/wp-json\/wp\/v2\/types\/product"}],"replies":[{"embeddable":true,"href":"https:\/\/fenixbijuterias.com.br\/index.php\/wp-json\/wp\/v2\/comments?post=563"}],"wp:featuredmedia":[{"embeddable":true,"href":"https:\/\/fenixbijuterias.com.br\/index.php\/wp-json\/wp\/v2\/media\/572"}],"wp:attachment":[{"href":"https:\/\/fenixbijuterias.com.br\/index.php\/wp-json\/wp\/v2\/media?parent=563"}],"wp:term":[{"taxonomy":"product_cat","embeddable":true,"href":"https:\/\/fenixbijuterias.com.br\/index.php\/wp-json\/wp\/v2\/product_cat?post=563"},{"taxonomy":"product_tag","embeddable":true,"href":"https:\/\/fenixbijuterias.com.br\/index.php\/wp-json\/wp\/v2\/product_tag?post=563"}],"curies":[{"name":"wp","href":"https:\/\/api.w.org\/{rel}","templated":true}]}}