{"id":557,"date":"2023-08-25T16:28:14","date_gmt":"2023-08-25T19:28:14","guid":{"rendered":"https:\/\/fenixbijuterias.com.br\/index.php\/produto\/100-entremeio-redondo-smile-5x10mm-em-acrilico-amarelo\/"},"modified":"2024-07-02T23:47:56","modified_gmt":"2024-07-03T02:47:56","slug":"100-entremeio-redondo-smile-5x10mm-em-acrilico-amarelo","status":"publish","type":"product","link":"https:\/\/fenixbijuterias.com.br\/index.php\/produto\/100-entremeio-redondo-smile-5x10mm-em-acrilico-amarelo\/","title":{"rendered":"100 ENTREMEIO REDONDO Smile 5X10mm EM ACRILICO AMARELO"},"content":{"rendered":"","protected":false},"excerpt":{"rendered":"<p>Mi\u00e7anga Smile Carinha \u00e9 ideal para:<br \/>\nConfec\u00e7\u00f5es de bijuterias, Colares, pulseiras, decora\u00e7\u00e3o e artesanato em geral&#8230;<\/p>\n<p>Tamanho: 5X10mm <br \/>\nPeso: 40 gramas<br \/>\nEspessura: 3 mm<br \/>\nDi\u00e2metro do furo: 2mm<br \/>\nMaterial: Acr\u00edlico <br \/>\nCor: AMARELO<br \/>\nFormato: Redonda Achatado <\/p>\n<p>* Temos A Pronta Entrega&#8230; N\u00e3o Perca Tempo e Pe\u00e7a j\u00e1 o Seu !!<\/p>\n","protected":false},"featured_media":555,"comment_status":"open","ping_status":"closed","template":"","meta":{"_joinchat":[]},"product_cat":[19],"product_tag":[],"_links":{"self":[{"href":"https:\/\/fenixbijuterias.com.br\/index.php\/wp-json\/wp\/v2\/product\/557"}],"collection":[{"href":"https:\/\/fenixbijuterias.com.br\/index.php\/wp-json\/wp\/v2\/product"}],"about":[{"href":"https:\/\/fenixbijuterias.com.br\/index.php\/wp-json\/wp\/v2\/types\/product"}],"replies":[{"embeddable":true,"href":"https:\/\/fenixbijuterias.com.br\/index.php\/wp-json\/wp\/v2\/comments?post=557"}],"wp:featuredmedia":[{"embeddable":true,"href":"https:\/\/fenixbijuterias.com.br\/index.php\/wp-json\/wp\/v2\/media\/555"}],"wp:attachment":[{"href":"https:\/\/fenixbijuterias.com.br\/index.php\/wp-json\/wp\/v2\/media?parent=557"}],"wp:term":[{"taxonomy":"product_cat","embeddable":true,"href":"https:\/\/fenixbijuterias.com.br\/index.php\/wp-json\/wp\/v2\/product_cat?post=557"},{"taxonomy":"product_tag","embeddable":true,"href":"https:\/\/fenixbijuterias.com.br\/index.php\/wp-json\/wp\/v2\/product_tag?post=557"}],"curies":[{"name":"wp","href":"https:\/\/api.w.org\/{rel}","templated":true}]}}