{"id":554,"date":"2023-08-25T16:28:10","date_gmt":"2023-08-25T19:28:10","guid":{"rendered":"https:\/\/fenixbijuterias.com.br\/index.php\/produto\/entremeio-redondo-smile-7mm-em-acrilico-amarelo-500g\/"},"modified":"2024-07-02T23:48:09","modified_gmt":"2024-07-03T02:48:09","slug":"entremeio-redondo-smile-7mm-em-acrilico-amarelo-500g","status":"publish","type":"product","link":"https:\/\/fenixbijuterias.com.br\/index.php\/produto\/entremeio-redondo-smile-7mm-em-acrilico-amarelo-500g\/","title":{"rendered":"ENTREMEIO REDONDO Smile 7mm EM ACRILICO AMARELO 500g"},"content":{"rendered":"","protected":false},"excerpt":{"rendered":"<p>Mi\u00e7anga Smile Carinha Whatsapp \u00e9 ideal para:<br \/>\nConfec\u00e7\u00f5es de bijuterias, Colares, pulseiras, decora\u00e7\u00e3o e artesanato em geral&#8230;<\/p>\n<p>Peso: 500 Gramas<br \/>\nQuantidade : Aprox 4000 P\u00e7s <br \/>\nTamanho: 7 mm <br \/>\nEspessura: 3 mm<br \/>\nDi\u00e2metro do furo: 2mm<br \/>\nMaterial: Acr\u00edlico <br \/>\nCor: Amarelo<br \/>\nFormato: Redonda Achatado <\/p>\n<p>* N\u00e3o Perca tempo \u00e9 pe\u00e7a j\u00e1 o seu !!<\/p>\n","protected":false},"featured_media":552,"comment_status":"open","ping_status":"closed","template":"","meta":{"_joinchat":[]},"product_cat":[19],"product_tag":[],"_links":{"self":[{"href":"https:\/\/fenixbijuterias.com.br\/index.php\/wp-json\/wp\/v2\/product\/554"}],"collection":[{"href":"https:\/\/fenixbijuterias.com.br\/index.php\/wp-json\/wp\/v2\/product"}],"about":[{"href":"https:\/\/fenixbijuterias.com.br\/index.php\/wp-json\/wp\/v2\/types\/product"}],"replies":[{"embeddable":true,"href":"https:\/\/fenixbijuterias.com.br\/index.php\/wp-json\/wp\/v2\/comments?post=554"}],"wp:featuredmedia":[{"embeddable":true,"href":"https:\/\/fenixbijuterias.com.br\/index.php\/wp-json\/wp\/v2\/media\/552"}],"wp:attachment":[{"href":"https:\/\/fenixbijuterias.com.br\/index.php\/wp-json\/wp\/v2\/media?parent=554"}],"wp:term":[{"taxonomy":"product_cat","embeddable":true,"href":"https:\/\/fenixbijuterias.com.br\/index.php\/wp-json\/wp\/v2\/product_cat?post=554"},{"taxonomy":"product_tag","embeddable":true,"href":"https:\/\/fenixbijuterias.com.br\/index.php\/wp-json\/wp\/v2\/product_tag?post=554"}],"curies":[{"name":"wp","href":"https:\/\/api.w.org\/{rel}","templated":true}]}}