{"id":548,"date":"2023-08-25T16:28:01","date_gmt":"2023-08-25T19:28:01","guid":{"rendered":"https:\/\/fenixbijuterias.com.br\/index.php\/produto\/entremeio-redondo-smile-5x10mm-em-acrilico-com-100pcs-colorido-escuro\/"},"modified":"2024-07-02T23:48:09","modified_gmt":"2024-07-03T02:48:09","slug":"entremeio-redondo-smile-5x10mm-em-acrilico-com-100pcs-colorido-escuro","status":"publish","type":"product","link":"https:\/\/fenixbijuterias.com.br\/index.php\/produto\/entremeio-redondo-smile-5x10mm-em-acrilico-com-100pcs-colorido-escuro\/","title":{"rendered":"ENTREMEIO REDONDO Smile 5X10mm EM ACRILICO COM 100P\u00c7S COLORIDO ESCURO"},"content":{"rendered":"","protected":false},"excerpt":{"rendered":"<p>Mi\u00e7anga Smile Carinha \u00e9 ideal para:<br \/>\nConfec\u00e7\u00f5es de bijuterias, Colares, pulseiras, decora\u00e7\u00e3o e artesanato em geral&#8230;<\/p>\n<p>Tamanho: 5X10mm<br \/>\nPeso: 40 gramas<br \/>\nEspessura: 3 mm<br \/>\nDi\u00e2metro do furo: 2mm<br \/>\nMaterial: Acr\u00edlico<br \/>\nCor: Colorido escuro<br \/>\nFormato: Redonda Achatado<\/p>\n<p>* Temos A Pronta Entrega&#8230; N\u00e3o Perca Tempo e Pe\u00e7a j\u00e1 o Seu !!<\/p>\n","protected":false},"featured_media":613,"comment_status":"open","ping_status":"closed","template":"","meta":{"_joinchat":[]},"product_cat":[19,23],"product_tag":[],"_links":{"self":[{"href":"https:\/\/fenixbijuterias.com.br\/index.php\/wp-json\/wp\/v2\/product\/548"}],"collection":[{"href":"https:\/\/fenixbijuterias.com.br\/index.php\/wp-json\/wp\/v2\/product"}],"about":[{"href":"https:\/\/fenixbijuterias.com.br\/index.php\/wp-json\/wp\/v2\/types\/product"}],"replies":[{"embeddable":true,"href":"https:\/\/fenixbijuterias.com.br\/index.php\/wp-json\/wp\/v2\/comments?post=548"}],"wp:featuredmedia":[{"embeddable":true,"href":"https:\/\/fenixbijuterias.com.br\/index.php\/wp-json\/wp\/v2\/media\/613"}],"wp:attachment":[{"href":"https:\/\/fenixbijuterias.com.br\/index.php\/wp-json\/wp\/v2\/media?parent=548"}],"wp:term":[{"taxonomy":"product_cat","embeddable":true,"href":"https:\/\/fenixbijuterias.com.br\/index.php\/wp-json\/wp\/v2\/product_cat?post=548"},{"taxonomy":"product_tag","embeddable":true,"href":"https:\/\/fenixbijuterias.com.br\/index.php\/wp-json\/wp\/v2\/product_tag?post=548"}],"curies":[{"name":"wp","href":"https:\/\/api.w.org\/{rel}","templated":true}]}}