{"id":536,"date":"2023-08-25T16:27:40","date_gmt":"2023-08-25T19:27:40","guid":{"rendered":"https:\/\/fenixbijuterias.com.br\/index.php\/produto\/entremeio-redondo-smile-7mm-em-acrilico-translucido-colorido-500pcs\/"},"modified":"2024-07-02T23:47:56","modified_gmt":"2024-07-03T02:47:56","slug":"entremeio-redondo-smile-7mm-em-acrilico-translucido-colorido-500pcs","status":"publish","type":"product","link":"https:\/\/fenixbijuterias.com.br\/index.php\/produto\/entremeio-redondo-smile-7mm-em-acrilico-translucido-colorido-500pcs\/","title":{"rendered":"ENTREMEIO REDONDO Smile 7mm EM ACRILICO  TRANSLUCIDO COLORIDO (500p\u00e7s)"},"content":{"rendered":"","protected":false},"excerpt":{"rendered":"<p>Produzido Na China , entremeio Smile \u00e9 Ideal Para:<\/p>\n<p>*Confec\u00e7\u00e3o de Colares, Pulseiras, Tornozeleiras, bijuterias e Artesanato em Geral<\/p>\n<p>\nTamanho: 7mm<br \/>\nPeso: 60 g<br \/>\nCor: Transl\u00facida<br \/>\nTipo: Passante<br \/>\nMat\u00e9rial: Acr\u00edlico<\/p>\n<p>A Pronta Entrega..<br \/>\nN\u00e3o Perca Tempo e Pe\u00e7a J\u00e1 o Seu !!!<\/p>\n","protected":false},"featured_media":535,"comment_status":"open","ping_status":"closed","template":"","meta":{"_joinchat":[]},"product_cat":[19],"product_tag":[],"_links":{"self":[{"href":"https:\/\/fenixbijuterias.com.br\/index.php\/wp-json\/wp\/v2\/product\/536"}],"collection":[{"href":"https:\/\/fenixbijuterias.com.br\/index.php\/wp-json\/wp\/v2\/product"}],"about":[{"href":"https:\/\/fenixbijuterias.com.br\/index.php\/wp-json\/wp\/v2\/types\/product"}],"replies":[{"embeddable":true,"href":"https:\/\/fenixbijuterias.com.br\/index.php\/wp-json\/wp\/v2\/comments?post=536"}],"wp:featuredmedia":[{"embeddable":true,"href":"https:\/\/fenixbijuterias.com.br\/index.php\/wp-json\/wp\/v2\/media\/535"}],"wp:attachment":[{"href":"https:\/\/fenixbijuterias.com.br\/index.php\/wp-json\/wp\/v2\/media?parent=536"}],"wp:term":[{"taxonomy":"product_cat","embeddable":true,"href":"https:\/\/fenixbijuterias.com.br\/index.php\/wp-json\/wp\/v2\/product_cat?post=536"},{"taxonomy":"product_tag","embeddable":true,"href":"https:\/\/fenixbijuterias.com.br\/index.php\/wp-json\/wp\/v2\/product_tag?post=536"}],"curies":[{"name":"wp","href":"https:\/\/api.w.org\/{rel}","templated":true}]}}