{"id":534,"date":"2023-08-25T16:27:36","date_gmt":"2023-08-25T19:27:36","guid":{"rendered":"https:\/\/fenixbijuterias.com.br\/index.php\/produto\/entremeio-redondo-smile-7mm-em-acrilico-translucido-colorido-500g\/"},"modified":"2024-07-02T23:48:09","modified_gmt":"2024-07-03T02:48:09","slug":"entremeio-redondo-smile-7mm-em-acrilico-translucido-colorido-500g","status":"publish","type":"product","link":"https:\/\/fenixbijuterias.com.br\/index.php\/produto\/entremeio-redondo-smile-7mm-em-acrilico-translucido-colorido-500g\/","title":{"rendered":"ENTREMEIO REDONDO Smile 7mm EM ACRILICO  TRANSLUCIDO COLORIDO 500g"},"content":{"rendered":"","protected":false},"excerpt":{"rendered":"<p>Mi\u00e7anga Smile Carinha \u00e9 ideal para:Confec\u00e7\u00f5es de bijuterias, Colares, pulseiras, decora\u00e7\u00e3o e artesanato em geral&#8230;<br \/>\nQuantidade: 500gTamanho: 7 mmPeso:500 gEspessura: 3 mmDi\u00e2metro do furo: 2mmMaterial: Acr\u00edlicoCor: TRANSLUCIDO COLORIDOFormato: Redonda Achatado<br \/>\n* Temos A Pronta Entrega&#8230; N\u00e3o Perca Tempo e Pe\u00e7a j\u00e1 o Seu !!<\/p>\n","protected":false},"featured_media":533,"comment_status":"open","ping_status":"closed","template":"","meta":{"_joinchat":[]},"product_cat":[19],"product_tag":[],"_links":{"self":[{"href":"https:\/\/fenixbijuterias.com.br\/index.php\/wp-json\/wp\/v2\/product\/534"}],"collection":[{"href":"https:\/\/fenixbijuterias.com.br\/index.php\/wp-json\/wp\/v2\/product"}],"about":[{"href":"https:\/\/fenixbijuterias.com.br\/index.php\/wp-json\/wp\/v2\/types\/product"}],"replies":[{"embeddable":true,"href":"https:\/\/fenixbijuterias.com.br\/index.php\/wp-json\/wp\/v2\/comments?post=534"}],"wp:featuredmedia":[{"embeddable":true,"href":"https:\/\/fenixbijuterias.com.br\/index.php\/wp-json\/wp\/v2\/media\/533"}],"wp:attachment":[{"href":"https:\/\/fenixbijuterias.com.br\/index.php\/wp-json\/wp\/v2\/media?parent=534"}],"wp:term":[{"taxonomy":"product_cat","embeddable":true,"href":"https:\/\/fenixbijuterias.com.br\/index.php\/wp-json\/wp\/v2\/product_cat?post=534"},{"taxonomy":"product_tag","embeddable":true,"href":"https:\/\/fenixbijuterias.com.br\/index.php\/wp-json\/wp\/v2\/product_tag?post=534"}],"curies":[{"name":"wp","href":"https:\/\/api.w.org\/{rel}","templated":true}]}}