{"id":529,"date":"2023-08-25T16:27:26","date_gmt":"2023-08-25T19:27:26","guid":{"rendered":"https:\/\/fenixbijuterias.com.br\/index.php\/produto\/entremeio-redondo-smile-5x10mm-em-acrilico-com-100pcs-brancopreto-500g\/"},"modified":"2024-07-02T23:48:09","modified_gmt":"2024-07-03T02:48:09","slug":"entremeio-redondo-smile-5x10mm-em-acrilico-com-100pcs-brancopreto-500g","status":"publish","type":"product","link":"https:\/\/fenixbijuterias.com.br\/index.php\/produto\/entremeio-redondo-smile-5x10mm-em-acrilico-com-100pcs-brancopreto-500g\/","title":{"rendered":"ENTREMEIO REDONDO Smile 5X10mm EM ACRILICO COM 100P\u00c7S BRANCO+PRETO 500g"},"content":{"rendered":"","protected":false},"excerpt":{"rendered":"<p>Produzido Na China , entremeio Smile \u00e9 Ideal Para:<\/p>\n<p>*Confec\u00e7\u00e3o de Colares, Pulseiras, Tornozeleiras, bijuterias e Artesanato em Geral<\/p>\n<p>Quantidade: Aprox. 1540 pe\u00e7as:<br \/>\nTamanho: 10\u00d75<br \/>\nPeso: 500 g<br \/>\nCor: Branco\/Preto<br \/>\nTipo: Passante<br \/>\nMat\u00e9rial: Acr\u00edlico<br \/>\nDi\u00e2metro do furo: Aprox 3 mm<\/p>\n<p>N\u00e3o Perca Tempo e Pe\u00e7a J\u00e1 o Seu !!!<\/p>\n","protected":false},"featured_media":526,"comment_status":"open","ping_status":"closed","template":"","meta":{"_joinchat":[]},"product_cat":[19],"product_tag":[],"_links":{"self":[{"href":"https:\/\/fenixbijuterias.com.br\/index.php\/wp-json\/wp\/v2\/product\/529"}],"collection":[{"href":"https:\/\/fenixbijuterias.com.br\/index.php\/wp-json\/wp\/v2\/product"}],"about":[{"href":"https:\/\/fenixbijuterias.com.br\/index.php\/wp-json\/wp\/v2\/types\/product"}],"replies":[{"embeddable":true,"href":"https:\/\/fenixbijuterias.com.br\/index.php\/wp-json\/wp\/v2\/comments?post=529"}],"wp:featuredmedia":[{"embeddable":true,"href":"https:\/\/fenixbijuterias.com.br\/index.php\/wp-json\/wp\/v2\/media\/526"}],"wp:attachment":[{"href":"https:\/\/fenixbijuterias.com.br\/index.php\/wp-json\/wp\/v2\/media?parent=529"}],"wp:term":[{"taxonomy":"product_cat","embeddable":true,"href":"https:\/\/fenixbijuterias.com.br\/index.php\/wp-json\/wp\/v2\/product_cat?post=529"},{"taxonomy":"product_tag","embeddable":true,"href":"https:\/\/fenixbijuterias.com.br\/index.php\/wp-json\/wp\/v2\/product_tag?post=529"}],"curies":[{"name":"wp","href":"https:\/\/api.w.org\/{rel}","templated":true}]}}