{"id":525,"date":"2023-08-25T16:27:19","date_gmt":"2023-08-25T19:27:19","guid":{"rendered":"https:\/\/fenixbijuterias.com.br\/index.php\/produto\/entremeio-redondo-smile-7mm-em-acrilico-colorido-500g\/"},"modified":"2024-07-02T23:48:09","modified_gmt":"2024-07-03T02:48:09","slug":"entremeio-redondo-smile-7mm-em-acrilico-colorido-500g","status":"publish","type":"product","link":"https:\/\/fenixbijuterias.com.br\/index.php\/produto\/entremeio-redondo-smile-7mm-em-acrilico-colorido-500g\/","title":{"rendered":"ENTREMEIO REDONDO Smile 7mm EM ACRILICO  COLORIDO 500g"},"content":{"rendered":"","protected":false},"excerpt":{"rendered":"<p>Produzido Na China , entremeio Smile \u00e9 Ideal Para:<\/p>\n<p>*Confec\u00e7\u00e3o de Colares, Pulseiras, Tornozeleiras, bijuterias e Artesanato em Geral<\/p>\n<p>Tamanho: 7MM<br \/>\nPeso: 500 g<br \/>\nCor: colorido<br \/>\nTipo: Passante<br \/>\nMat\u00e9rial: Acr\u00edlico<\/p>\n<p>N\u00e3o Perca Tempo e Pe\u00e7a J\u00e1 o Seu !!!<\/p>\n","protected":false},"featured_media":542,"comment_status":"open","ping_status":"closed","template":"","meta":{"_joinchat":[]},"product_cat":[19,24],"product_tag":[],"_links":{"self":[{"href":"https:\/\/fenixbijuterias.com.br\/index.php\/wp-json\/wp\/v2\/product\/525"}],"collection":[{"href":"https:\/\/fenixbijuterias.com.br\/index.php\/wp-json\/wp\/v2\/product"}],"about":[{"href":"https:\/\/fenixbijuterias.com.br\/index.php\/wp-json\/wp\/v2\/types\/product"}],"replies":[{"embeddable":true,"href":"https:\/\/fenixbijuterias.com.br\/index.php\/wp-json\/wp\/v2\/comments?post=525"}],"wp:featuredmedia":[{"embeddable":true,"href":"https:\/\/fenixbijuterias.com.br\/index.php\/wp-json\/wp\/v2\/media\/542"}],"wp:attachment":[{"href":"https:\/\/fenixbijuterias.com.br\/index.php\/wp-json\/wp\/v2\/media?parent=525"}],"wp:term":[{"taxonomy":"product_cat","embeddable":true,"href":"https:\/\/fenixbijuterias.com.br\/index.php\/wp-json\/wp\/v2\/product_cat?post=525"},{"taxonomy":"product_tag","embeddable":true,"href":"https:\/\/fenixbijuterias.com.br\/index.php\/wp-json\/wp\/v2\/product_tag?post=525"}],"curies":[{"name":"wp","href":"https:\/\/api.w.org\/{rel}","templated":true}]}}