{"id":524,"date":"2023-08-25T16:27:17","date_gmt":"2023-08-25T19:27:17","guid":{"rendered":"https:\/\/fenixbijuterias.com.br\/index.php\/produto\/micangas-infantil-carinha-smile-colorida-7-mm-63gramas\/"},"modified":"2024-07-02T23:48:18","modified_gmt":"2024-07-03T02:48:18","slug":"micangas-infantil-carinha-smile-colorida-7-mm-63gramas","status":"publish","type":"product","link":"https:\/\/fenixbijuterias.com.br\/index.php\/produto\/micangas-infantil-carinha-smile-colorida-7-mm-63gramas\/","title":{"rendered":"Mi\u00e7angas Infantil Carinha Smile COLORIDA 7 Mm 63GRAMAS"},"content":{"rendered":"","protected":false},"excerpt":{"rendered":"<p>Mi\u00e7anga Smile Carinha \u00e9 ideal para:Confec\u00e7\u00f5es de bijuterias, Colares, pulseiras, decora\u00e7\u00e3o e artesanato em geral&#8230;<br \/>\nQuantidade : Aprox 500 P\u00e7sTamanho: 7 mmPeso: 63 gEspessura: 3 mmDi\u00e2metro do furo: 2mmMaterial: Acr\u00edlicoCor: TRANSLUCIDO COLORIDOFormato: Redonda Achatado<br \/>\n* Temos A Pronta Entrega&#8230; N\u00e3o Perca Tempo e Pe\u00e7a j\u00e1 o Seu !!<\/p>\n","protected":false},"featured_media":523,"comment_status":"open","ping_status":"closed","template":"","meta":{"_joinchat":[]},"product_cat":[19],"product_tag":[],"_links":{"self":[{"href":"https:\/\/fenixbijuterias.com.br\/index.php\/wp-json\/wp\/v2\/product\/524"}],"collection":[{"href":"https:\/\/fenixbijuterias.com.br\/index.php\/wp-json\/wp\/v2\/product"}],"about":[{"href":"https:\/\/fenixbijuterias.com.br\/index.php\/wp-json\/wp\/v2\/types\/product"}],"replies":[{"embeddable":true,"href":"https:\/\/fenixbijuterias.com.br\/index.php\/wp-json\/wp\/v2\/comments?post=524"}],"wp:featuredmedia":[{"embeddable":true,"href":"https:\/\/fenixbijuterias.com.br\/index.php\/wp-json\/wp\/v2\/media\/523"}],"wp:attachment":[{"href":"https:\/\/fenixbijuterias.com.br\/index.php\/wp-json\/wp\/v2\/media?parent=524"}],"wp:term":[{"taxonomy":"product_cat","embeddable":true,"href":"https:\/\/fenixbijuterias.com.br\/index.php\/wp-json\/wp\/v2\/product_cat?post=524"},{"taxonomy":"product_tag","embeddable":true,"href":"https:\/\/fenixbijuterias.com.br\/index.php\/wp-json\/wp\/v2\/product_tag?post=524"}],"curies":[{"name":"wp","href":"https:\/\/api.w.org\/{rel}","templated":true}]}}