{"id":507,"date":"2023-08-25T16:08:18","date_gmt":"2023-08-25T19:08:18","guid":{"rendered":"https:\/\/fenixbijuterias.com.br\/index.php\/produto\/perola-inteira-com-furo-10mm-em-abs-50g-cor-perola\/"},"modified":"2024-07-02T23:48:37","modified_gmt":"2024-07-03T02:48:37","slug":"perola-inteira-com-furo-10mm-em-abs-50g-cor-perola","status":"publish","type":"product","link":"https:\/\/fenixbijuterias.com.br\/index.php\/produto\/perola-inteira-com-furo-10mm-em-abs-50g-cor-perola\/","title":{"rendered":"PEROLA INTEIRA COM FURO 10MM EM ABS 50G COR: PEROLA"},"content":{"rendered":"","protected":false},"excerpt":{"rendered":"<p>DESCRI\u00c7\u00c3O<\/p>\n<p>*Produzido em abs., a p\u00e9rola \u00e9 ideal para confec\u00e7\u00e3o em roupas, bolsas, vestidos de noiva, sand\u00e1lias, bijuterias, lembrancinhas, chaveiros, cortinas, lustres, vasos, bandejas, decora\u00e7\u00f5es e artesanatos em geral<\/p>\n<p>Ficha T\u00e9cnica<br \/>\nCor:<br \/>\nTamanho:10mm<br \/>\nMaterial: 100% ABS<br \/>\nFormato: Redondo<br \/>\nTipo: Passante<br \/>\nProduto: Importado<br \/>\nPeso: 50gr (pacote)<\/p>\n<p>* Aten\u00e7\u00e3o: A cor do produto pode variar de acordo com a importa\u00e7\u00e3o ** Conserva\u00e7\u00e3o: Para uma melhor conserva\u00e7\u00e3o do produto evitar contato com produtos qu\u00edmicos\u00a0*A Pronta Entrega..N\u00e3o Perca Tempo\u00a0e\u00a0Pe\u00e7a\u00a0J\u00e1\u00a0o\u00a0Seu<\/p>\n","protected":false},"featured_media":631,"comment_status":"open","ping_status":"closed","template":"","meta":{"_joinchat":[]},"product_cat":[23,17],"product_tag":[],"_links":{"self":[{"href":"https:\/\/fenixbijuterias.com.br\/index.php\/wp-json\/wp\/v2\/product\/507"}],"collection":[{"href":"https:\/\/fenixbijuterias.com.br\/index.php\/wp-json\/wp\/v2\/product"}],"about":[{"href":"https:\/\/fenixbijuterias.com.br\/index.php\/wp-json\/wp\/v2\/types\/product"}],"replies":[{"embeddable":true,"href":"https:\/\/fenixbijuterias.com.br\/index.php\/wp-json\/wp\/v2\/comments?post=507"}],"wp:featuredmedia":[{"embeddable":true,"href":"https:\/\/fenixbijuterias.com.br\/index.php\/wp-json\/wp\/v2\/media\/631"}],"wp:attachment":[{"href":"https:\/\/fenixbijuterias.com.br\/index.php\/wp-json\/wp\/v2\/media?parent=507"}],"wp:term":[{"taxonomy":"product_cat","embeddable":true,"href":"https:\/\/fenixbijuterias.com.br\/index.php\/wp-json\/wp\/v2\/product_cat?post=507"},{"taxonomy":"product_tag","embeddable":true,"href":"https:\/\/fenixbijuterias.com.br\/index.php\/wp-json\/wp\/v2\/product_tag?post=507"}],"curies":[{"name":"wp","href":"https:\/\/api.w.org\/{rel}","templated":true}]}}