{"id":278,"date":"2023-08-25T15:42:53","date_gmt":"2023-08-25T18:42:53","guid":{"rendered":"https:\/\/fenixbijuterias.com.br\/index.php\/produto\/entremeio-letras-redondas-vogais-4x7mm-aeiou-preto-colorido-500g\/"},"modified":"2024-07-02T23:48:08","modified_gmt":"2024-07-03T02:48:08","slug":"entremeio-letras-redondas-vogais-4x7mm-aeiou-preto-colorido-500g","status":"publish","type":"product","link":"https:\/\/fenixbijuterias.com.br\/index.php\/produto\/entremeio-letras-redondas-vogais-4x7mm-aeiou-preto-colorido-500g\/","title":{"rendered":"ENTREMEIO LETRAS REDONDAS VOGAIS 4X7MM ( AEIOU ) PRETO\/ COLORIDO 500g"},"content":{"rendered":"","protected":false},"excerpt":{"rendered":"<p>Mi\u00e7anga &#8211; Infantil com Letras alfabeto \u00e9 ideal Para:<\/p>\n<p>*Confec\u00e7\u00e3o de Colares, Pulseiras, Tornozeleiras, bijuterias e Artesanato em Geral<br \/>\nOs Kit s\u00e3o montados de maneira Sortidas contendo o Alfabeto:<\/p>\n<p>Comprimento: 7<br \/>\nmmDi\u00e2metro 4 mm<br \/>\nPeso: 500g<br \/>\nFormato: Redonda<br \/>\nCor: Preto \/ Colorido<br \/>\nTipo: Passante<br \/>\nMaterial: Pl\u00e1stico<br \/>\nA Pronta Entrega.N\u00e3o Perca Tempo e Pe\u00e7a J\u00e1 o Seu!!!<\/p>\n","protected":false},"featured_media":689,"comment_status":"open","ping_status":"closed","template":"","meta":{"_joinchat":[]},"product_cat":[18,24],"product_tag":[],"_links":{"self":[{"href":"https:\/\/fenixbijuterias.com.br\/index.php\/wp-json\/wp\/v2\/product\/278"}],"collection":[{"href":"https:\/\/fenixbijuterias.com.br\/index.php\/wp-json\/wp\/v2\/product"}],"about":[{"href":"https:\/\/fenixbijuterias.com.br\/index.php\/wp-json\/wp\/v2\/types\/product"}],"replies":[{"embeddable":true,"href":"https:\/\/fenixbijuterias.com.br\/index.php\/wp-json\/wp\/v2\/comments?post=278"}],"wp:featuredmedia":[{"embeddable":true,"href":"https:\/\/fenixbijuterias.com.br\/index.php\/wp-json\/wp\/v2\/media\/689"}],"wp:attachment":[{"href":"https:\/\/fenixbijuterias.com.br\/index.php\/wp-json\/wp\/v2\/media?parent=278"}],"wp:term":[{"taxonomy":"product_cat","embeddable":true,"href":"https:\/\/fenixbijuterias.com.br\/index.php\/wp-json\/wp\/v2\/product_cat?post=278"},{"taxonomy":"product_tag","embeddable":true,"href":"https:\/\/fenixbijuterias.com.br\/index.php\/wp-json\/wp\/v2\/product_tag?post=278"}],"curies":[{"name":"wp","href":"https:\/\/api.w.org\/{rel}","templated":true}]}}