{"id":274,"date":"2023-08-25T15:42:48","date_gmt":"2023-08-25T18:42:48","guid":{"rendered":"https:\/\/fenixbijuterias.com.br\/index.php\/produto\/320-micangas-letras-cubo-6x6mm-translucido-rosa-branco-50g-alfabeto\/"},"modified":"2024-07-02T23:47:55","modified_gmt":"2024-07-03T02:47:55","slug":"320-micangas-letras-cubo-6x6mm-translucido-rosa-branco-50g-alfabeto","status":"publish","type":"product","link":"https:\/\/fenixbijuterias.com.br\/index.php\/produto\/320-micangas-letras-cubo-6x6mm-translucido-rosa-branco-50g-alfabeto\/","title":{"rendered":"320 MI\u00c7ANGAS LETRAS CUBO 6X6MM TRANSLUCIDO  ROSA\/ BRANCO 50g ALFABETO"},"content":{"rendered":"","protected":false},"excerpt":{"rendered":"<p>320 MI\u00c7ANGAS LETRAS CUBO 6X6MM TRANSLUCIDO ROSA\/ BRANCO 50g ALFABETO<br \/>\nEntremeio &#8211; Letra &#8211; Cubo \u00e9 ideial Para:<\/p>\n<p>*Confec\u00e7\u00e3o de Colares, Pulseiras, Tornozeleiras, Decora\u00e7\u00e3o , bijuterias e Artesanato em Geral<\/p>\n<p>LETRAS: Alfabeto<\/p>\n<p>Comprimento: 6 mm<br \/>\nDi\u00e2metro do Furo: 3 mm<br \/>\nPeso: 50 gramas<br \/>\nTipo: Passante<br \/>\nMat\u00e9rial: Pl\u00e1stico\/Acr\u00edlico<br \/>\nAproximadamente: 320 Pe\u00e7as<\/p>\n<p>N\u00e3o Perca Tempo e Pe\u00e7a J\u00e1 o Seu !!!<\/p>\n","protected":false},"featured_media":675,"comment_status":"open","ping_status":"closed","template":"","meta":{"_joinchat":[]},"product_cat":[18,23],"product_tag":[],"_links":{"self":[{"href":"https:\/\/fenixbijuterias.com.br\/index.php\/wp-json\/wp\/v2\/product\/274"}],"collection":[{"href":"https:\/\/fenixbijuterias.com.br\/index.php\/wp-json\/wp\/v2\/product"}],"about":[{"href":"https:\/\/fenixbijuterias.com.br\/index.php\/wp-json\/wp\/v2\/types\/product"}],"replies":[{"embeddable":true,"href":"https:\/\/fenixbijuterias.com.br\/index.php\/wp-json\/wp\/v2\/comments?post=274"}],"wp:featuredmedia":[{"embeddable":true,"href":"https:\/\/fenixbijuterias.com.br\/index.php\/wp-json\/wp\/v2\/media\/675"}],"wp:attachment":[{"href":"https:\/\/fenixbijuterias.com.br\/index.php\/wp-json\/wp\/v2\/media?parent=274"}],"wp:term":[{"taxonomy":"product_cat","embeddable":true,"href":"https:\/\/fenixbijuterias.com.br\/index.php\/wp-json\/wp\/v2\/product_cat?post=274"},{"taxonomy":"product_tag","embeddable":true,"href":"https:\/\/fenixbijuterias.com.br\/index.php\/wp-json\/wp\/v2\/product_tag?post=274"}],"curies":[{"name":"wp","href":"https:\/\/api.w.org\/{rel}","templated":true}]}}