{"id":265,"date":"2023-08-25T15:39:23","date_gmt":"2023-08-25T18:39:23","guid":{"rendered":"https:\/\/fenixbijuterias.com.br\/index.php\/produto\/300-micangas-letras-cubo-vogais-6x6mm-aeiou-branco-preto-50g\/"},"modified":"2024-07-04T18:04:25","modified_gmt":"2024-07-04T21:04:25","slug":"300-micangas-letras-cubo-vogais-6x6mm-aeiou-branco-preto-50g","status":"publish","type":"product","link":"https:\/\/fenixbijuterias.com.br\/index.php\/produto\/300-micangas-letras-cubo-vogais-6x6mm-aeiou-branco-preto-50g\/","title":{"rendered":"300 MI\u00c7ANGAS LETRAS CUBO VOGAIS 6X6MM ( AEIOU ) BRANCO \/ PRETO  50g"},"content":{"rendered":"","protected":false},"excerpt":{"rendered":"<p>Mi\u00e7anga letra \u00e9 ideal para confec\u00e7\u00f5es de colares, pulseiras, tornozeleiras, bijuterias e artesanato em geral<\/p>\n<p>VOGAIS: A E I O U <\/p>\n<p>Cor: Colorida <br \/>\nPeso: 50 gramas <br \/>\nTamanho: 6mm <br \/>\nDi\u00e2metro do Furo: 3mm <br \/>\nQuantidade: Aprox 320 P\u00e7s<br \/>\nMaterial: Pl\u00e1stico <br \/>\nFormato: Cubo<\/p>\n<p>*Os pacotes s\u00e3o montados de maneira Sortidas <\/p>\n<p>* Temos a Pronta Entrega !!<\/p>\n","protected":false},"featured_media":252,"comment_status":"open","ping_status":"closed","template":"","meta":{"_joinchat":[]},"product_cat":[18],"product_tag":[],"_links":{"self":[{"href":"https:\/\/fenixbijuterias.com.br\/index.php\/wp-json\/wp\/v2\/product\/265"}],"collection":[{"href":"https:\/\/fenixbijuterias.com.br\/index.php\/wp-json\/wp\/v2\/product"}],"about":[{"href":"https:\/\/fenixbijuterias.com.br\/index.php\/wp-json\/wp\/v2\/types\/product"}],"replies":[{"embeddable":true,"href":"https:\/\/fenixbijuterias.com.br\/index.php\/wp-json\/wp\/v2\/comments?post=265"}],"wp:featuredmedia":[{"embeddable":true,"href":"https:\/\/fenixbijuterias.com.br\/index.php\/wp-json\/wp\/v2\/media\/252"}],"wp:attachment":[{"href":"https:\/\/fenixbijuterias.com.br\/index.php\/wp-json\/wp\/v2\/media?parent=265"}],"wp:term":[{"taxonomy":"product_cat","embeddable":true,"href":"https:\/\/fenixbijuterias.com.br\/index.php\/wp-json\/wp\/v2\/product_cat?post=265"},{"taxonomy":"product_tag","embeddable":true,"href":"https:\/\/fenixbijuterias.com.br\/index.php\/wp-json\/wp\/v2\/product_tag?post=265"}],"curies":[{"name":"wp","href":"https:\/\/api.w.org\/{rel}","templated":true}]}}