{"id":251,"date":"2023-08-25T15:38:46","date_gmt":"2023-08-25T18:38:46","guid":{"rendered":"https:\/\/fenixbijuterias.com.br\/index.php\/produto\/entremeio-letras-redondas-vogais-4x7mm-aeiou-branco-preto-500g\/"},"modified":"2024-07-02T23:48:08","modified_gmt":"2024-07-03T02:48:08","slug":"entremeio-letras-redondas-vogais-4x7mm-aeiou-branco-preto-500g","status":"publish","type":"product","link":"https:\/\/fenixbijuterias.com.br\/index.php\/produto\/entremeio-letras-redondas-vogais-4x7mm-aeiou-branco-preto-500g\/","title":{"rendered":"ENTREMEIO LETRAS REDONDAS VOGAIS  4X7MM ( AEIOU ) BRANCO \/ PRETO 500g"},"content":{"rendered":"","protected":false},"excerpt":{"rendered":"<p>Entremeio Mi\u00e7anga &#8211; Infantil Vogais \u00e9 ideial Para:<br \/>\n*Confec\u00e7\u00e3o de Colares, Pulseiras, Tornozeleiras, bijuterias e Artesanato em Geral<br \/>\nLETRAS: A E I O U<br \/>\nComprimento: 7 mmDi\u00e2metro: 4 mmPeso: 500 gCor: Sortida Branco com letras pretasTipo: PassanteMat\u00e9rial: Pl\u00e1sticoDi\u00e2metro do furo: 1.5 mm<br \/>\nLETRAS: A E I O U<br \/>\nA Pronta Entrega.N\u00e3o Perca Tempo e Pe\u00e7a J\u00e1 o Seu !!!<\/p>\n","protected":false},"featured_media":250,"comment_status":"open","ping_status":"closed","template":"","meta":{"_joinchat":[]},"product_cat":[18],"product_tag":[],"_links":{"self":[{"href":"https:\/\/fenixbijuterias.com.br\/index.php\/wp-json\/wp\/v2\/product\/251"}],"collection":[{"href":"https:\/\/fenixbijuterias.com.br\/index.php\/wp-json\/wp\/v2\/product"}],"about":[{"href":"https:\/\/fenixbijuterias.com.br\/index.php\/wp-json\/wp\/v2\/types\/product"}],"replies":[{"embeddable":true,"href":"https:\/\/fenixbijuterias.com.br\/index.php\/wp-json\/wp\/v2\/comments?post=251"}],"wp:featuredmedia":[{"embeddable":true,"href":"https:\/\/fenixbijuterias.com.br\/index.php\/wp-json\/wp\/v2\/media\/250"}],"wp:attachment":[{"href":"https:\/\/fenixbijuterias.com.br\/index.php\/wp-json\/wp\/v2\/media?parent=251"}],"wp:term":[{"taxonomy":"product_cat","embeddable":true,"href":"https:\/\/fenixbijuterias.com.br\/index.php\/wp-json\/wp\/v2\/product_cat?post=251"},{"taxonomy":"product_tag","embeddable":true,"href":"https:\/\/fenixbijuterias.com.br\/index.php\/wp-json\/wp\/v2\/product_tag?post=251"}],"curies":[{"name":"wp","href":"https:\/\/api.w.org\/{rel}","templated":true}]}}