{"id":224,"date":"2023-08-25T15:37:41","date_gmt":"2023-08-25T18:37:41","guid":{"rendered":"https:\/\/fenixbijuterias.com.br\/index.php\/produto\/200-micangas-letras-redondas-4x7mm-translucida-colorido-alfabeto-30g\/"},"modified":"2024-07-02T23:47:56","modified_gmt":"2024-07-03T02:47:56","slug":"200-micangas-letras-redondas-4x7mm-translucida-colorido-alfabeto-30g","status":"publish","type":"product","link":"https:\/\/fenixbijuterias.com.br\/index.php\/produto\/200-micangas-letras-redondas-4x7mm-translucida-colorido-alfabeto-30g\/","title":{"rendered":"200 MI\u00c7ANGAS LETRAS REDONDAS 4X7MM TRANSLUCIDA \/ COLORIDO ALFABETO 30G"},"content":{"rendered":"","protected":false},"excerpt":{"rendered":"<p>ENTREMEIO LETRAS REDONDAS 4X7MM TRANSLUCIDA \/ COLORIDO ALFABETO 30G<\/p>\n<p>*Confec\u00e7\u00e3o de Colares, Pulseiras, Tornozeleiras, bijuterias e Artesanato em Geral<\/p>\n<p>Quantidade: Aprox. 200 pe\u00e7as:<br \/>\nComprimento: 7 mm<br \/>\nDi\u00e2metro 4 mm<br \/>\nPeso: 30 g<br \/>\nFormato: Redonda<br \/>\nTipo: Passante<br \/>\nMaterial: Pl\u00e1stico<\/p>\n<p>A Pronta Entrega..<br \/>\nN\u00e3o Perca Tempo e Pe\u00e7a J\u00e1 o Seu !!!<\/p>\n","protected":false},"featured_media":674,"comment_status":"open","ping_status":"closed","template":"","meta":{"_joinchat":[]},"product_cat":[18,23],"product_tag":[],"_links":{"self":[{"href":"https:\/\/fenixbijuterias.com.br\/index.php\/wp-json\/wp\/v2\/product\/224"}],"collection":[{"href":"https:\/\/fenixbijuterias.com.br\/index.php\/wp-json\/wp\/v2\/product"}],"about":[{"href":"https:\/\/fenixbijuterias.com.br\/index.php\/wp-json\/wp\/v2\/types\/product"}],"replies":[{"embeddable":true,"href":"https:\/\/fenixbijuterias.com.br\/index.php\/wp-json\/wp\/v2\/comments?post=224"}],"wp:featuredmedia":[{"embeddable":true,"href":"https:\/\/fenixbijuterias.com.br\/index.php\/wp-json\/wp\/v2\/media\/674"}],"wp:attachment":[{"href":"https:\/\/fenixbijuterias.com.br\/index.php\/wp-json\/wp\/v2\/media?parent=224"}],"wp:term":[{"taxonomy":"product_cat","embeddable":true,"href":"https:\/\/fenixbijuterias.com.br\/index.php\/wp-json\/wp\/v2\/product_cat?post=224"},{"taxonomy":"product_tag","embeddable":true,"href":"https:\/\/fenixbijuterias.com.br\/index.php\/wp-json\/wp\/v2\/product_tag?post=224"}],"curies":[{"name":"wp","href":"https:\/\/api.w.org\/{rel}","templated":true}]}}