{"id":221,"date":"2023-08-25T15:37:35","date_gmt":"2023-08-25T18:37:35","guid":{"rendered":"https:\/\/fenixbijuterias.com.br\/index.php\/produto\/200-micangas-letras-redondas-vogais-4x7mm-aeiou-branco-colorido-30g\/"},"modified":"2024-07-02T23:47:56","modified_gmt":"2024-07-03T02:47:56","slug":"200-micangas-letras-redondas-vogais-4x7mm-aeiou-branco-colorido-30g","status":"publish","type":"product","link":"https:\/\/fenixbijuterias.com.br\/index.php\/produto\/200-micangas-letras-redondas-vogais-4x7mm-aeiou-branco-colorido-30g\/","title":{"rendered":"200 MI\u00c7ANGAS LETRAS REDONDAS VOGAIS 4X7MM ( AEIOU ) BRANCO \/ COLORIDO 30G"},"content":{"rendered":"","protected":false},"excerpt":{"rendered":"<p>Kit com 200 unidades de mi\u00e7angas com letras sortidas, ideal para confec\u00e7\u00e3o de chaveiros, pulseiras e artesanatos em geral.<\/p>\n<p>* Quantidade: Aprox 200 Pcs<br \/>\n*Tamanho: 7mm<br \/>\n* Formato: Redonda<br \/>\n*Cor: Branco Com letras Colorida<br \/>\n*Peso 28g<\/p>\n<p>Letras Vogais A E I O U <\/p>\n<p>******* Temos A Pronta Entrega !! <\/p>\n","protected":false},"featured_media":219,"comment_status":"open","ping_status":"closed","template":"","meta":{"_joinchat":[]},"product_cat":[18],"product_tag":[],"_links":{"self":[{"href":"https:\/\/fenixbijuterias.com.br\/index.php\/wp-json\/wp\/v2\/product\/221"}],"collection":[{"href":"https:\/\/fenixbijuterias.com.br\/index.php\/wp-json\/wp\/v2\/product"}],"about":[{"href":"https:\/\/fenixbijuterias.com.br\/index.php\/wp-json\/wp\/v2\/types\/product"}],"replies":[{"embeddable":true,"href":"https:\/\/fenixbijuterias.com.br\/index.php\/wp-json\/wp\/v2\/comments?post=221"}],"wp:featuredmedia":[{"embeddable":true,"href":"https:\/\/fenixbijuterias.com.br\/index.php\/wp-json\/wp\/v2\/media\/219"}],"wp:attachment":[{"href":"https:\/\/fenixbijuterias.com.br\/index.php\/wp-json\/wp\/v2\/media?parent=221"}],"wp:term":[{"taxonomy":"product_cat","embeddable":true,"href":"https:\/\/fenixbijuterias.com.br\/index.php\/wp-json\/wp\/v2\/product_cat?post=221"},{"taxonomy":"product_tag","embeddable":true,"href":"https:\/\/fenixbijuterias.com.br\/index.php\/wp-json\/wp\/v2\/product_tag?post=221"}],"curies":[{"name":"wp","href":"https:\/\/api.w.org\/{rel}","templated":true}]}}