{"id":210,"date":"2023-08-25T15:37:06","date_gmt":"2023-08-25T18:37:06","guid":{"rendered":"https:\/\/fenixbijuterias.com.br\/index.php\/produto\/micangas-letras-redondas-4x7mm-branco-colorido-alfabeto-60g\/"},"modified":"2024-07-02T23:47:56","modified_gmt":"2024-07-03T02:47:56","slug":"micangas-letras-redondas-4x7mm-branco-colorido-alfabeto-60g","status":"publish","type":"product","link":"https:\/\/fenixbijuterias.com.br\/index.php\/produto\/micangas-letras-redondas-4x7mm-branco-colorido-alfabeto-60g\/","title":{"rendered":"MI\u00c7ANGAS LETRAS REDONDAS 4X7MM BRANCO \/COLORIDO alfabeto 60G"},"content":{"rendered":"","protected":false},"excerpt":{"rendered":"<p>Mi\u00e7anga Infantil Redonda Alfabeto &#8211; Letras &#8211; Aprox 400 P\u00e7s Colorida<\/p>\n<p>Produzido em Acr\u00edlico, entremeio Missanga Letra Transl\u00facida \u00e9 Ideal<\/p>\n<p>*Confec\u00e7\u00e3o de colares, pulseiras, Tornozeleiras, bijuterias e artesanato em Geral<\/p>\n<p>Quantidade: Aprox.400 pe\u00e7as<br \/>\nDi\u00e2metro; 7 mm<br \/>\nEspessura:4 mm<br \/>\nPeso: 54 g<br \/>\nCor: Colorida\/Tranparente<br \/>\nTipo: Passante<br \/>\nMat\u00e9rial: Acr\u00edlico<\/p>\n<p>N\u00e3o Perca Tempo e Pe\u00e7a J\u00e1 o Seu !!<\/p>\n","protected":false},"featured_media":207,"comment_status":"open","ping_status":"closed","template":"","meta":{"_joinchat":[]},"product_cat":[18],"product_tag":[],"_links":{"self":[{"href":"https:\/\/fenixbijuterias.com.br\/index.php\/wp-json\/wp\/v2\/product\/210"}],"collection":[{"href":"https:\/\/fenixbijuterias.com.br\/index.php\/wp-json\/wp\/v2\/product"}],"about":[{"href":"https:\/\/fenixbijuterias.com.br\/index.php\/wp-json\/wp\/v2\/types\/product"}],"replies":[{"embeddable":true,"href":"https:\/\/fenixbijuterias.com.br\/index.php\/wp-json\/wp\/v2\/comments?post=210"}],"wp:featuredmedia":[{"embeddable":true,"href":"https:\/\/fenixbijuterias.com.br\/index.php\/wp-json\/wp\/v2\/media\/207"}],"wp:attachment":[{"href":"https:\/\/fenixbijuterias.com.br\/index.php\/wp-json\/wp\/v2\/media?parent=210"}],"wp:term":[{"taxonomy":"product_cat","embeddable":true,"href":"https:\/\/fenixbijuterias.com.br\/index.php\/wp-json\/wp\/v2\/product_cat?post=210"},{"taxonomy":"product_tag","embeddable":true,"href":"https:\/\/fenixbijuterias.com.br\/index.php\/wp-json\/wp\/v2\/product_tag?post=210"}],"curies":[{"name":"wp","href":"https:\/\/api.w.org\/{rel}","templated":true}]}}