{"id":200,"date":"2023-08-25T15:36:29","date_gmt":"2023-08-25T18:36:29","guid":{"rendered":"https:\/\/fenixbijuterias.com.br\/index.php\/produto\/entremeio-letras-cubo-vogais-6x6mm-aeiou-branco-preto-500g\/"},"modified":"2024-07-02T23:48:08","modified_gmt":"2024-07-03T02:48:08","slug":"entremeio-letras-cubo-vogais-6x6mm-aeiou-branco-preto-500g","status":"publish","type":"product","link":"https:\/\/fenixbijuterias.com.br\/index.php\/produto\/entremeio-letras-cubo-vogais-6x6mm-aeiou-branco-preto-500g\/","title":{"rendered":"ENTREMEIO LETRAS CUBO VOGAIS 6X6MM ( AEIOU ) BRANCO \/ PRETO 500g"},"content":{"rendered":"","protected":false},"excerpt":{"rendered":"<p>Mi\u00e7anga letra \u00e9 ideal para confec\u00e7\u00f5es de colares, pulseiras, tornozeleiras, bijuterias e artesanato em geral<br \/>\nVOGAIS: A E I O U<br \/>\nCor: Branco\/ pretoPeso: 500 gramasTamanho: 6mmDi\u00e2metro do Furo: 3mmMat\u00e9rial: Pl\u00e1sticoFormato: Cubo<br \/>\n*Os pacotes s\u00e3o montados de maneira Sortidas<br \/>\n* Temos a Pronta Entrega !!<\/p>\n","protected":false},"featured_media":193,"comment_status":"open","ping_status":"closed","template":"","meta":{"_joinchat":[]},"product_cat":[18],"product_tag":[],"_links":{"self":[{"href":"https:\/\/fenixbijuterias.com.br\/index.php\/wp-json\/wp\/v2\/product\/200"}],"collection":[{"href":"https:\/\/fenixbijuterias.com.br\/index.php\/wp-json\/wp\/v2\/product"}],"about":[{"href":"https:\/\/fenixbijuterias.com.br\/index.php\/wp-json\/wp\/v2\/types\/product"}],"replies":[{"embeddable":true,"href":"https:\/\/fenixbijuterias.com.br\/index.php\/wp-json\/wp\/v2\/comments?post=200"}],"wp:featuredmedia":[{"embeddable":true,"href":"https:\/\/fenixbijuterias.com.br\/index.php\/wp-json\/wp\/v2\/media\/193"}],"wp:attachment":[{"href":"https:\/\/fenixbijuterias.com.br\/index.php\/wp-json\/wp\/v2\/media?parent=200"}],"wp:term":[{"taxonomy":"product_cat","embeddable":true,"href":"https:\/\/fenixbijuterias.com.br\/index.php\/wp-json\/wp\/v2\/product_cat?post=200"},{"taxonomy":"product_tag","embeddable":true,"href":"https:\/\/fenixbijuterias.com.br\/index.php\/wp-json\/wp\/v2\/product_tag?post=200"}],"curies":[{"name":"wp","href":"https:\/\/api.w.org\/{rel}","templated":true}]}}