{"id":192,"date":"2023-08-25T15:36:12","date_gmt":"2023-08-25T18:36:12","guid":{"rendered":"https:\/\/fenixbijuterias.com.br\/index.php\/produto\/400-pingente-no-formato-de-letras-colorido-14x9mm-para-colores-infantil-100g\/"},"modified":"2024-07-06T17:59:08","modified_gmt":"2024-07-06T20:59:08","slug":"400-pingente-no-formato-de-letras-colorido-14x9mm-para-colores-infantil-100g","status":"publish","type":"product","link":"https:\/\/fenixbijuterias.com.br\/index.php\/produto\/400-pingente-no-formato-de-letras-colorido-14x9mm-para-colores-infantil-100g\/","title":{"rendered":"400 PINGENTE NO FORMATO DE LETRAS COLORIDO 14x9mm PARA COLORES INFANTIL 100g"},"content":{"rendered":"","protected":false},"excerpt":{"rendered":"<p>\nProduzido em Acr\u00edlico, o Pingente De Letras \u00e9 Ideal Para:<\/p>\n<p>*Confec\u00e7\u00e3o de colares, pulseiras, tornozeleiras, Chaveiros, Decora\u00e7\u00e3o artesanato em geral<\/p>\n<p>Tamanho: 14&#215;9<br \/>\nQuantidade: Aprox 400 pe\u00e7as<br \/>\nPeso: 100 g<br \/>\nCor: Colorida<br \/>\nFormato: Letras<br \/>\nEspessura: 3,5 mm<br \/>\nDi\u00e2metro do furo: 3 mm<br \/>\nTipo: Passante<\/p>\n<p>Observa\u00e7\u00e3o: Os Pacotes s\u00e3o separados por peso de forma sortida, n\u00e3o tendo como definir a quantidade de Letras Espec\u00edficas<\/p>\n<p>N\u00e3o Perca Tempo e Pe\u00e7a J\u00e1 o Seu !!<\/p>\n","protected":false},"featured_media":190,"comment_status":"open","ping_status":"closed","template":"","meta":{"_joinchat":[]},"product_cat":[18],"product_tag":[],"_links":{"self":[{"href":"https:\/\/fenixbijuterias.com.br\/index.php\/wp-json\/wp\/v2\/product\/192"}],"collection":[{"href":"https:\/\/fenixbijuterias.com.br\/index.php\/wp-json\/wp\/v2\/product"}],"about":[{"href":"https:\/\/fenixbijuterias.com.br\/index.php\/wp-json\/wp\/v2\/types\/product"}],"replies":[{"embeddable":true,"href":"https:\/\/fenixbijuterias.com.br\/index.php\/wp-json\/wp\/v2\/comments?post=192"}],"wp:featuredmedia":[{"embeddable":true,"href":"https:\/\/fenixbijuterias.com.br\/index.php\/wp-json\/wp\/v2\/media\/190"}],"wp:attachment":[{"href":"https:\/\/fenixbijuterias.com.br\/index.php\/wp-json\/wp\/v2\/media?parent=192"}],"wp:term":[{"taxonomy":"product_cat","embeddable":true,"href":"https:\/\/fenixbijuterias.com.br\/index.php\/wp-json\/wp\/v2\/product_cat?post=192"},{"taxonomy":"product_tag","embeddable":true,"href":"https:\/\/fenixbijuterias.com.br\/index.php\/wp-json\/wp\/v2\/product_tag?post=192"}],"curies":[{"name":"wp","href":"https:\/\/api.w.org\/{rel}","templated":true}]}}