{"id":189,"date":"2023-08-25T15:36:04","date_gmt":"2023-08-25T18:36:04","guid":{"rendered":"https:\/\/fenixbijuterias.com.br\/index.php\/produto\/letras-bola-8mm-colorida-misturado-alfabeto-50g\/"},"modified":"2023-09-20T11:57:25","modified_gmt":"2023-09-20T14:57:25","slug":"letras-bola-8mm-colorida-misturado-alfabeto-50g","status":"publish","type":"product","link":"https:\/\/fenixbijuterias.com.br\/index.php\/produto\/letras-bola-8mm-colorida-misturado-alfabeto-50g\/","title":{"rendered":"LETRAS BOLA 8mm COLORIDA ( MISTURADO ) ALFABETO 50G"},"content":{"rendered":"","protected":false},"excerpt":{"rendered":"<p>Mi\u00e7anga &#8211; Infantil com Letras Alfabeto \u00e9 ideial Para: <\/p>\n<p> *Confec\u00e7\u00e3o de Colares, Pulseiras, Tornozeleiras, bijuterias e Artesanato em Geral <\/p>\n<p>Os Kit s\u00e3o montados de maneira Sortidas.<\/p>\n<p>ALFABETO:<\/p>\n<p>Peso: 50gramas<br \/>\nFormato: BOLA<br \/>\nCor: COLORIDO<br \/>\nTipo: Passante <br \/>\nMat\u00e9rial: Pl\u00e1stico<\/p>\n<p>A Pronta Entrega..<br \/>\nN\u00e3o Perca Tempo e Pe\u00e7a J\u00e1 o Seu !!!<\/p>\n","protected":false},"featured_media":188,"comment_status":"open","ping_status":"closed","template":"","meta":{"_joinchat":[]},"product_cat":[18],"product_tag":[],"_links":{"self":[{"href":"https:\/\/fenixbijuterias.com.br\/index.php\/wp-json\/wp\/v2\/product\/189"}],"collection":[{"href":"https:\/\/fenixbijuterias.com.br\/index.php\/wp-json\/wp\/v2\/product"}],"about":[{"href":"https:\/\/fenixbijuterias.com.br\/index.php\/wp-json\/wp\/v2\/types\/product"}],"replies":[{"embeddable":true,"href":"https:\/\/fenixbijuterias.com.br\/index.php\/wp-json\/wp\/v2\/comments?post=189"}],"wp:featuredmedia":[{"embeddable":true,"href":"https:\/\/fenixbijuterias.com.br\/index.php\/wp-json\/wp\/v2\/media\/188"}],"wp:attachment":[{"href":"https:\/\/fenixbijuterias.com.br\/index.php\/wp-json\/wp\/v2\/media?parent=189"}],"wp:term":[{"taxonomy":"product_cat","embeddable":true,"href":"https:\/\/fenixbijuterias.com.br\/index.php\/wp-json\/wp\/v2\/product_cat?post=189"},{"taxonomy":"product_tag","embeddable":true,"href":"https:\/\/fenixbijuterias.com.br\/index.php\/wp-json\/wp\/v2\/product_tag?post=189"}],"curies":[{"name":"wp","href":"https:\/\/api.w.org\/{rel}","templated":true}]}}