{"id":183,"date":"2023-08-25T15:35:54","date_gmt":"2023-08-25T18:35:54","guid":{"rendered":"https:\/\/fenixbijuterias.com.br\/index.php\/produto\/pingente-letras-acrilico-colorida-14x9-500-gramas-aprox-2000-pcs\/"},"modified":"2024-07-02T23:49:03","modified_gmt":"2024-07-03T02:49:03","slug":"pingente-letras-acrilico-colorida-14x9-500-gramas-aprox-2000-pcs","status":"publish","type":"product","link":"https:\/\/fenixbijuterias.com.br\/index.php\/produto\/pingente-letras-acrilico-colorida-14x9-500-gramas-aprox-2000-pcs\/","title":{"rendered":"Pingente Letras Acr\u00edlico Colorida 14&#215;9 &#8211; 500 Gramas Aprox 2000 P\u00e7s"},"content":{"rendered":"","protected":false},"excerpt":{"rendered":"<p>Produzido em Acr\u00edlico, o Pingente De Letras \u00e9 Ideal Para:<\/p>\n<p>*Confec\u00e7\u00e3o de colares, pulseiras, tornozeleiras, Chaveiros, Decora\u00e7\u00e3o artesanato em geral<\/p>\n<p>Peso; 500 g<br \/>\nTamanho: 14&#215;9<br \/>\nQuantidade: Aprox 2000 pe\u00e7as<br \/>\nCor: Colorida<br \/>\nFormato: Letras<br \/>\nEspessura: 3,5 mm<br \/>\nDi\u00e2metro do furo: 3 mm<br \/>\nTipo: Passante<\/p>\n<p>Observa\u00e7\u00e3o: Os Pacotes s\u00e3o separados por peso de forma sortida, n\u00e3o tendo como definir a quantidade de Letras Espec\u00edficas<\/p>\n<p>N\u00e3o Perca Tempo e Pe\u00e7a J\u00e1 o Seu !!<\/p>\n","protected":false},"featured_media":181,"comment_status":"open","ping_status":"closed","template":"","meta":{"_joinchat":[]},"product_cat":[18],"product_tag":[],"_links":{"self":[{"href":"https:\/\/fenixbijuterias.com.br\/index.php\/wp-json\/wp\/v2\/product\/183"}],"collection":[{"href":"https:\/\/fenixbijuterias.com.br\/index.php\/wp-json\/wp\/v2\/product"}],"about":[{"href":"https:\/\/fenixbijuterias.com.br\/index.php\/wp-json\/wp\/v2\/types\/product"}],"replies":[{"embeddable":true,"href":"https:\/\/fenixbijuterias.com.br\/index.php\/wp-json\/wp\/v2\/comments?post=183"}],"wp:featuredmedia":[{"embeddable":true,"href":"https:\/\/fenixbijuterias.com.br\/index.php\/wp-json\/wp\/v2\/media\/181"}],"wp:attachment":[{"href":"https:\/\/fenixbijuterias.com.br\/index.php\/wp-json\/wp\/v2\/media?parent=183"}],"wp:term":[{"taxonomy":"product_cat","embeddable":true,"href":"https:\/\/fenixbijuterias.com.br\/index.php\/wp-json\/wp\/v2\/product_cat?post=183"},{"taxonomy":"product_tag","embeddable":true,"href":"https:\/\/fenixbijuterias.com.br\/index.php\/wp-json\/wp\/v2\/product_tag?post=183"}],"curies":[{"name":"wp","href":"https:\/\/api.w.org\/{rel}","templated":true}]}}