{"id":176,"date":"2023-08-25T15:22:11","date_gmt":"2023-08-25T18:22:11","guid":{"rendered":"https:\/\/fenixbijuterias.com.br\/index.php\/produto\/argolinha-8mm-em-aluminio-cor-prata-50g\/"},"modified":"2024-07-02T23:47:55","modified_gmt":"2024-07-03T02:47:55","slug":"argolinha-8mm-em-aluminio-cor-prata-50g","status":"publish","type":"product","link":"https:\/\/fenixbijuterias.com.br\/index.php\/produto\/argolinha-8mm-em-aluminio-cor-prata-50g\/","title":{"rendered":"ARGOLINHA 8MM EM ALUMINIO COR: PRATA 50g"},"content":{"rendered":"","protected":false},"excerpt":{"rendered":"<p>Argola de Alum\u00ednio  \u00e9 utilizada em bijuterias<\/p>\n<p>Cor: N\u00edquel<br \/>\nComprimento: 8 mm<br \/>\nQuantidade: Aprox. 100 Pe\u00e7as<br \/>\nPeso: 50 gramas<\/p>\n<p>\nN\u00e3o Perca Tempo e Pe\u00e7a j\u00e1 O Seu !!<\/p>\n","protected":false},"featured_media":174,"comment_status":"open","ping_status":"closed","template":"","meta":{"_joinchat":[]},"product_cat":[21],"product_tag":[],"_links":{"self":[{"href":"https:\/\/fenixbijuterias.com.br\/index.php\/wp-json\/wp\/v2\/product\/176"}],"collection":[{"href":"https:\/\/fenixbijuterias.com.br\/index.php\/wp-json\/wp\/v2\/product"}],"about":[{"href":"https:\/\/fenixbijuterias.com.br\/index.php\/wp-json\/wp\/v2\/types\/product"}],"replies":[{"embeddable":true,"href":"https:\/\/fenixbijuterias.com.br\/index.php\/wp-json\/wp\/v2\/comments?post=176"}],"wp:featuredmedia":[{"embeddable":true,"href":"https:\/\/fenixbijuterias.com.br\/index.php\/wp-json\/wp\/v2\/media\/174"}],"wp:attachment":[{"href":"https:\/\/fenixbijuterias.com.br\/index.php\/wp-json\/wp\/v2\/media?parent=176"}],"wp:term":[{"taxonomy":"product_cat","embeddable":true,"href":"https:\/\/fenixbijuterias.com.br\/index.php\/wp-json\/wp\/v2\/product_cat?post=176"},{"taxonomy":"product_tag","embeddable":true,"href":"https:\/\/fenixbijuterias.com.br\/index.php\/wp-json\/wp\/v2\/product_tag?post=176"}],"curies":[{"name":"wp","href":"https:\/\/api.w.org\/{rel}","templated":true}]}}