{"id":167,"date":"2023-08-25T15:21:56","date_gmt":"2023-08-25T18:21:56","guid":{"rendered":"https:\/\/fenixbijuterias.com.br\/index.php\/produto\/argola-de-aluminio-dourada-6mm-50g-p-bijuterias-e-artesanatos\/"},"modified":"2024-07-02T23:47:55","modified_gmt":"2024-07-03T02:47:55","slug":"argola-de-aluminio-dourada-6mm-50g-p-bijuterias-e-artesanatos","status":"publish","type":"product","link":"https:\/\/fenixbijuterias.com.br\/index.php\/produto\/argola-de-aluminio-dourada-6mm-50g-p-bijuterias-e-artesanatos\/","title":{"rendered":"Argola de Alum\u00ednio Dourada 6mm 50g P\/ Bijuterias e Artesanatos"},"content":{"rendered":"","protected":false},"excerpt":{"rendered":"<p>Argola de Alum\u00ednio  \u00e9 utilizada em bijouterias e artesanato em geral<\/p>\n<p>Cor: Dourado<br \/>\nDi\u00e2metro: 6 mm<br \/>\nPeso: 50 gramas<br \/>\nMat\u00e9rial: Aluminio<\/p>\n<p>N\u00e3o Perca Tempo e Pe\u00e7a j\u00e1 O Seu !!<\/p>\n","protected":false},"featured_media":166,"comment_status":"open","ping_status":"closed","template":"","meta":{"_joinchat":[]},"product_cat":[21],"product_tag":[],"_links":{"self":[{"href":"https:\/\/fenixbijuterias.com.br\/index.php\/wp-json\/wp\/v2\/product\/167"}],"collection":[{"href":"https:\/\/fenixbijuterias.com.br\/index.php\/wp-json\/wp\/v2\/product"}],"about":[{"href":"https:\/\/fenixbijuterias.com.br\/index.php\/wp-json\/wp\/v2\/types\/product"}],"replies":[{"embeddable":true,"href":"https:\/\/fenixbijuterias.com.br\/index.php\/wp-json\/wp\/v2\/comments?post=167"}],"wp:featuredmedia":[{"embeddable":true,"href":"https:\/\/fenixbijuterias.com.br\/index.php\/wp-json\/wp\/v2\/media\/166"}],"wp:attachment":[{"href":"https:\/\/fenixbijuterias.com.br\/index.php\/wp-json\/wp\/v2\/media?parent=167"}],"wp:term":[{"taxonomy":"product_cat","embeddable":true,"href":"https:\/\/fenixbijuterias.com.br\/index.php\/wp-json\/wp\/v2\/product_cat?post=167"},{"taxonomy":"product_tag","embeddable":true,"href":"https:\/\/fenixbijuterias.com.br\/index.php\/wp-json\/wp\/v2\/product_tag?post=167"}],"curies":[{"name":"wp","href":"https:\/\/api.w.org\/{rel}","templated":true}]}}