{"id":137,"date":"2023-08-25T14:45:07","date_gmt":"2023-08-25T17:45:07","guid":{"rendered":"https:\/\/fenixbijuterias.com.br\/index.php\/produto\/mini-pitao-rosqueavel-niquel-10x5-mm-100-pecas\/"},"modified":"2024-07-02T23:48:18","modified_gmt":"2024-07-03T02:48:18","slug":"mini-pitao-rosqueavel-niquel-10x5-mm-100-pecas","status":"publish","type":"product","link":"https:\/\/fenixbijuterias.com.br\/index.php\/produto\/mini-pitao-rosqueavel-niquel-10x5-mm-100-pecas\/","title":{"rendered":"Mini Pit\u00e3o Rosque\u00e1vel N\u00edquel 10&#215;5 mm 100 Pe\u00e7as"},"content":{"rendered":"","protected":false},"excerpt":{"rendered":"<p>Mini Pit\u00e3o Rosque\u00e1vel N\u00edquel 10&#215;5 mm 100 Pe\u00e7as<\/p>\n<p>Mini Pit\u00e3o Rosqueavel de metal \u00e9 utilizado em artesanato,transformar p\u00e9rolas, garrafinha com rolha em pingente, bijouterias e etc&#8230; <\/p>\n<p>Cor: N\u00edquel <br \/>\nQuantidade: 100  P\u00e7s <br \/>\nAltura : 10 mm<br \/>\nLargura: 5 mm<br \/>\nEspessura: 1 mm <br \/>\nMat\u00e9rial: Metal \/ Ferro <\/p>\n<p>*Temos A Pronta entrega !!<\/p>\n","protected":false},"featured_media":133,"comment_status":"open","ping_status":"closed","template":"","meta":{"_joinchat":[]},"product_cat":[21],"product_tag":[],"_links":{"self":[{"href":"https:\/\/fenixbijuterias.com.br\/index.php\/wp-json\/wp\/v2\/product\/137"}],"collection":[{"href":"https:\/\/fenixbijuterias.com.br\/index.php\/wp-json\/wp\/v2\/product"}],"about":[{"href":"https:\/\/fenixbijuterias.com.br\/index.php\/wp-json\/wp\/v2\/types\/product"}],"replies":[{"embeddable":true,"href":"https:\/\/fenixbijuterias.com.br\/index.php\/wp-json\/wp\/v2\/comments?post=137"}],"wp:featuredmedia":[{"embeddable":true,"href":"https:\/\/fenixbijuterias.com.br\/index.php\/wp-json\/wp\/v2\/media\/133"}],"wp:attachment":[{"href":"https:\/\/fenixbijuterias.com.br\/index.php\/wp-json\/wp\/v2\/media?parent=137"}],"wp:term":[{"taxonomy":"product_cat","embeddable":true,"href":"https:\/\/fenixbijuterias.com.br\/index.php\/wp-json\/wp\/v2\/product_cat?post=137"},{"taxonomy":"product_tag","embeddable":true,"href":"https:\/\/fenixbijuterias.com.br\/index.php\/wp-json\/wp\/v2\/product_tag?post=137"}],"curies":[{"name":"wp","href":"https:\/\/api.w.org\/{rel}","templated":true}]}}