{"id":128,"date":"2023-08-25T14:44:51","date_gmt":"2023-08-25T17:44:51","guid":{"rendered":"https:\/\/fenixbijuterias.com.br\/index.php\/produto\/min-pitao-rosqueavel-5x10-em-ferro-com-2000-pecas-cor-niquel\/"},"modified":"2024-07-02T23:48:18","modified_gmt":"2024-07-03T02:48:18","slug":"min-pitao-rosqueavel-5x10-em-ferro-com-2000-pecas-cor-niquel","status":"publish","type":"product","link":"https:\/\/fenixbijuterias.com.br\/index.php\/produto\/min-pitao-rosqueavel-5x10-em-ferro-com-2000-pecas-cor-niquel\/","title":{"rendered":"MIN PIT\u00c3O ROSQUE\u00c1VEL 5X10 EM FERRO COM 2000 PE\u00c7AS COR NIQUEL"},"content":{"rendered":"","protected":false},"excerpt":{"rendered":"<p>Produzido em ferro, o mini pitao \u00e9 ideal para confec\u00e7\u00e3o de bijuterias em geral<\/p>\n<p>Ficha T\u00e9cnica<\/p>\n<p>Material: Ferro<br \/>\nFormato: Pitao<br \/>\nTamanho: 5x10mm<br \/>\nQuantidade: 2.000 pe\u00e7as (Aproximadamente)<\/p>\n","protected":false},"featured_media":126,"comment_status":"open","ping_status":"closed","template":"","meta":{"_joinchat":[]},"product_cat":[21],"product_tag":[],"_links":{"self":[{"href":"https:\/\/fenixbijuterias.com.br\/index.php\/wp-json\/wp\/v2\/product\/128"}],"collection":[{"href":"https:\/\/fenixbijuterias.com.br\/index.php\/wp-json\/wp\/v2\/product"}],"about":[{"href":"https:\/\/fenixbijuterias.com.br\/index.php\/wp-json\/wp\/v2\/types\/product"}],"replies":[{"embeddable":true,"href":"https:\/\/fenixbijuterias.com.br\/index.php\/wp-json\/wp\/v2\/comments?post=128"}],"wp:featuredmedia":[{"embeddable":true,"href":"https:\/\/fenixbijuterias.com.br\/index.php\/wp-json\/wp\/v2\/media\/126"}],"wp:attachment":[{"href":"https:\/\/fenixbijuterias.com.br\/index.php\/wp-json\/wp\/v2\/media?parent=128"}],"wp:term":[{"taxonomy":"product_cat","embeddable":true,"href":"https:\/\/fenixbijuterias.com.br\/index.php\/wp-json\/wp\/v2\/product_cat?post=128"},{"taxonomy":"product_tag","embeddable":true,"href":"https:\/\/fenixbijuterias.com.br\/index.php\/wp-json\/wp\/v2\/product_tag?post=128"}],"curies":[{"name":"wp","href":"https:\/\/api.w.org\/{rel}","templated":true}]}}