{"id":125,"date":"2023-08-25T14:41:39","date_gmt":"2023-08-25T17:41:39","guid":{"rendered":"https:\/\/fenixbijuterias.com.br\/index.php\/produto\/mini-pitao-rosqueavel-5x10-em-ferro-com-2000-pecas-cor-dourado\/"},"modified":"2024-07-02T23:48:18","modified_gmt":"2024-07-03T02:48:18","slug":"mini-pitao-rosqueavel-5x10-em-ferro-com-2000-pecas-cor-dourado","status":"publish","type":"product","link":"https:\/\/fenixbijuterias.com.br\/index.php\/produto\/mini-pitao-rosqueavel-5x10-em-ferro-com-2000-pecas-cor-dourado\/","title":{"rendered":"MINI PIT\u00c3O ROSQUE\u00c1VEL  5X10 EM FERRO COM 2000 PE\u00c7AS COR DOURADO"},"content":{"rendered":"<p>Produzido em ferro, o mini pitao \u00e9 ideal para confec\u00e7\u00e3o de bijuterias em geral<\/p>\n<p>Ficha T\u00e9cnica<\/p>\n<p>Material: Ferro<br \/>Formato: Pitao<br \/>Tamanho: 5x10mm<br \/>Quantidade: 2.000 pe\u00e7as (Aproximadamente)<\/p>\n","protected":false},"excerpt":{"rendered":"<p>Produzido em ferro, o mini pitao \u00e9 ideal para confec\u00e7\u00e3o de bijuterias em geral<\/p>\n<p>Ficha T\u00e9cnica<\/p>\n<p>Material: Ferro<br \/>Formato: Pitao<br \/>Tamanho: 5x10mm<br \/>Quantidade: 2.000 pe\u00e7as (Aproximadamente)<\/p>\n","protected":false},"featured_media":124,"comment_status":"open","ping_status":"closed","template":"","meta":{"_joinchat":[]},"product_cat":[21],"product_tag":[],"_links":{"self":[{"href":"https:\/\/fenixbijuterias.com.br\/index.php\/wp-json\/wp\/v2\/product\/125"}],"collection":[{"href":"https:\/\/fenixbijuterias.com.br\/index.php\/wp-json\/wp\/v2\/product"}],"about":[{"href":"https:\/\/fenixbijuterias.com.br\/index.php\/wp-json\/wp\/v2\/types\/product"}],"replies":[{"embeddable":true,"href":"https:\/\/fenixbijuterias.com.br\/index.php\/wp-json\/wp\/v2\/comments?post=125"}],"wp:featuredmedia":[{"embeddable":true,"href":"https:\/\/fenixbijuterias.com.br\/index.php\/wp-json\/wp\/v2\/media\/124"}],"wp:attachment":[{"href":"https:\/\/fenixbijuterias.com.br\/index.php\/wp-json\/wp\/v2\/media?parent=125"}],"wp:term":[{"taxonomy":"product_cat","embeddable":true,"href":"https:\/\/fenixbijuterias.com.br\/index.php\/wp-json\/wp\/v2\/product_cat?post=125"},{"taxonomy":"product_tag","embeddable":true,"href":"https:\/\/fenixbijuterias.com.br\/index.php\/wp-json\/wp\/v2\/product_tag?post=125"}],"curies":[{"name":"wp","href":"https:\/\/api.w.org\/{rel}","templated":true}]}}