{"id":20,"date":"2023-07-31T11:39:43","date_gmt":"2023-07-31T14:39:43","guid":{"rendered":"https:\/\/fenixbijuterias.com.br\/?page_id=20"},"modified":"2023-09-01T01:11:00","modified_gmt":"2023-09-01T04:11:00","slug":"home","status":"publish","type":"page","link":"https:\/\/fenixbijuterias.com.br\/","title":{"rendered":"Home"},"content":{"rendered":"\t\t<div data-elementor-type=\"wp-page\" data-elementor-id=\"20\" class=\"elementor elementor-20\">\n\t\t\t\t<div class=\"elementor-element elementor-element-1d5c7f6 e-con-full elementor-hidden-mobile e-flex e-con e-parent\" data-id=\"1d5c7f6\" data-element_type=\"container\">\n\t\t\t\t<\/div>\n\t\t<div class=\"elementor-element elementor-element-04a3fd0 e-con-full elementor-hidden-desktop elementor-hidden-tablet e-flex e-con e-parent\" data-id=\"04a3fd0\" data-element_type=\"container\">\n\t\t\t\t<\/div>\n\t\t<div class=\"elementor-element elementor-element-49e9590 e-flex e-con-boxed e-con e-parent\" data-id=\"49e9590\" data-element_type=\"container\">\n\t\t\t\t\t<div class=\"e-con-inner\">\n\t\t\t\t<div class=\"elementor-element elementor-element-7f5fb64 elementor-widget elementor-widget-heading\" data-id=\"7f5fb64\" data-element_type=\"widget\" data-widget_type=\"heading.default\">\n\t\t\t\t<div class=\"elementor-widget-container\">\n\t\t\t<style>\/*! elementor - v3.23.0 - 05-08-2024 *\/\n.elementor-heading-title{padding:0;margin:0;line-height:1}.elementor-widget-heading .elementor-heading-title[class*=elementor-size-]>a{color:inherit;font-size:inherit;line-height:inherit}.elementor-widget-heading .elementor-heading-title.elementor-size-small{font-size:15px}.elementor-widget-heading .elementor-heading-title.elementor-size-medium{font-size:19px}.elementor-widget-heading .elementor-heading-title.elementor-size-large{font-size:29px}.elementor-widget-heading .elementor-heading-title.elementor-size-xl{font-size:39px}.elementor-widget-heading .elementor-heading-title.elementor-size-xxl{font-size:59px}<\/style><h2 class=\"elementor-heading-title elementor-size-default\">Lan\u00e7amentos<\/h2>\t\t<\/div>\n\t\t\t\t<\/div>\n\t\t\t\t<div class=\"elementor-element elementor-element-0d497b3 elementor-widget elementor-widget-heading\" data-id=\"0d497b3\" data-element_type=\"widget\" data-widget_type=\"heading.default\">\n\t\t\t\t<div class=\"elementor-widget-container\">\n\t\t\t<h2 class=\"elementor-heading-title elementor-size-default\">Novidades<\/h2>\t\t<\/div>\n\t\t\t\t<\/div>\n\t\t\t\t<div class=\"elementor-element elementor-element-cc16bef elementor-widget elementor-widget-heading\" data-id=\"cc16bef\" data-element_type=\"widget\" data-widget_type=\"heading.default\">\n\t\t\t\t<div class=\"elementor-widget-container\">\n\t\t\t<h2 class=\"elementor-heading-title elementor-size-default\"><span style=\"font-size: 22px; font-weight: 600; white-space-collapse: collapse;\">EM DESTAQUE<\/span><\/h2>\t\t<\/div>\n\t\t\t\t<\/div>\n\t\t<div class=\"elementor-element elementor-element-a8985eb e-flex e-con-boxed e-con e-parent\" data-id=\"a8985eb\" data-element_type=\"container\">\n\t\t\t\t\t<div class=\"e-con-inner\">\n\t\t\t\t<div class=\"elementor-element elementor-element-993584f elementor-widget elementor-widget-image\" data-id=\"993584f\" data-element_type=\"widget\" data-widget_type=\"image.default\">\n\t\t\t\t<div class=\"elementor-widget-container\">\n\t\t\t<style>\/*! elementor - v3.23.0 - 05-08-2024 *\/\n.elementor-widget-image{text-align:center}.elementor-widget-image a{display:inline-block}.elementor-widget-image a img[src$=\".svg\"]{width:48px}.elementor-widget-image img{vertical-align:middle;display:inline-block}<\/style>\t\t\t\t\t\t\t\t\t\t<img fetchpriority=\"high\" decoding=\"async\" width=\"474\" height=\"355\" src=\"https:\/\/fenixbijuterias.com.br\/wp-content\/uploads\/2023\/08\/WhatsApp-Image-2023-08-25-at-12.48.49.jpeg\" class=\"attachment-full size-full wp-image-114\" alt=\"\" srcset=\"https:\/\/fenixbijuterias.com.br\/wp-content\/uploads\/2023\/08\/WhatsApp-Image-2023-08-25-at-12.48.49.jpeg 474w, https:\/\/fenixbijuterias.com.br\/wp-content\/uploads\/2023\/08\/WhatsApp-Image-2023-08-25-at-12.48.49-300x225.jpeg 300w, https:\/\/fenixbijuterias.com.br\/wp-content\/uploads\/2023\/08\/WhatsApp-Image-2023-08-25-at-12.48.49-64x48.jpeg 64w\" sizes=\"(max-width: 474px) 100vw, 474px\" \/>\t\t\t\t\t\t\t\t\t\t\t\t\t<\/div>\n\t\t\t\t<\/div>\n\t\t\t\t<div class=\"elementor-element elementor-element-68ed911 elementor-widget elementor-widget-image\" data-id=\"68ed911\" data-element_type=\"widget\" data-widget_type=\"image.default\">\n\t\t\t\t<div class=\"elementor-widget-container\">\n\t\t\t\t\t\t\t\t\t\t\t\t\t<img decoding=\"async\" width=\"474\" height=\"355\" src=\"https:\/\/fenixbijuterias.com.br\/wp-content\/uploads\/2023\/08\/WhatsApp-Image-2023-08-25-at-12.49.06.jpeg\" class=\"attachment-full size-full wp-image-113\" alt=\"\" srcset=\"https:\/\/fenixbijuterias.com.br\/wp-content\/uploads\/2023\/08\/WhatsApp-Image-2023-08-25-at-12.49.06.jpeg 474w, https:\/\/fenixbijuterias.com.br\/wp-content\/uploads\/2023\/08\/WhatsApp-Image-2023-08-25-at-12.49.06-300x225.jpeg 300w, https:\/\/fenixbijuterias.com.br\/wp-content\/uploads\/2023\/08\/WhatsApp-Image-2023-08-25-at-12.49.06-64x48.jpeg 64w\" sizes=\"(max-width: 474px) 100vw, 474px\" \/>\t\t\t\t\t\t\t\t\t\t\t\t\t<\/div>\n\t\t\t\t<\/div>\n\t\t\t\t\t<\/div>\n\t\t\t\t<\/div>\n\t\t\t\t<div class=\"elementor-element elementor-element-b0eb5e6 elementor-widget elementor-widget-heading\" data-id=\"b0eb5e6\" data-element_type=\"widget\" data-widget_type=\"heading.default\">\n\t\t\t\t<div class=\"elementor-widget-container\">\n\t\t\t<h2 class=\"elementor-heading-title elementor-size-default\">Os Top 10 Mais Vendidos<\/h2>\t\t<\/div>\n\t\t\t\t<\/div>\n\t\t\t\t<div class=\"elementor-element elementor-element-a1544fa elementor-widget elementor-widget-heading\" data-id=\"a1544fa\" data-element_type=\"widget\" data-widget_type=\"heading.default\">\n\t\t\t\t<div class=\"elementor-widget-container\">\n\t\t\t<h2 class=\"elementor-heading-title elementor-size-default\">Os Mais Comprados<\/h2>\t\t<\/div>\n\t\t\t\t<\/div>\n\t\t\t\t<div class=\"elementor-element elementor-element-d643852 elementor-widget elementor-widget-heading\" data-id=\"d643852\" data-element_type=\"widget\" data-widget_type=\"heading.default\">\n\t\t\t\t<div class=\"elementor-widget-container\">\n\t\t\t<h2 class=\"elementor-heading-title elementor-size-default\"><span style=\"font-weight: 600; white-space-collapse: collapse; text-align: var(--text-align);\">Ofertas da Semana<\/span><\/h2>\t\t<\/div>\n\t\t\t\t<\/div>\n\t\t\t\t<div class=\"elementor-element elementor-element-38450e7 elementor-widget elementor-widget-heading\" data-id=\"38450e7\" data-element_type=\"widget\" data-widget_type=\"heading.default\">\n\t\t\t\t<div class=\"elementor-widget-container\">\n\t\t\t<h2 class=\"elementor-heading-title elementor-size-default\">Ofertas imperd\u00edveis<\/h2>\t\t<\/div>\n\t\t\t\t<\/div>\n\t\t\t\t\t<\/div>\n\t\t\t\t<\/div>\n\t\t<div class=\"elementor-element elementor-element-04a872e e-flex e-con-boxed e-con e-parent\" data-id=\"04a872e\" data-element_type=\"container\">\n\t\t\t\t\t<div class=\"e-con-inner\">\n\t\t\t\t\t<\/div>\n\t\t\t\t<\/div>\n\t\t\t\t<\/div>\n\t\t","protected":false},"excerpt":{"rendered":"<p>Lan\u00e7amentos Novidades EM DESTAQUE Os Top 10 Mais Vendidos Os Mais Comprados Anterior Pr\u00f3ximo Ofertas da Semana Ofertas imperd\u00edveis<\/p>\n","protected":false},"author":1,"featured_media":0,"parent":0,"menu_order":0,"comment_status":"closed","ping_status":"closed","template":"elementor_header_footer","meta":{"_joinchat":[]},"_links":{"self":[{"href":"https:\/\/fenixbijuterias.com.br\/index.php\/wp-json\/wp\/v2\/pages\/20"}],"collection":[{"href":"https:\/\/fenixbijuterias.com.br\/index.php\/wp-json\/wp\/v2\/pages"}],"about":[{"href":"https:\/\/fenixbijuterias.com.br\/index.php\/wp-json\/wp\/v2\/types\/page"}],"author":[{"embeddable":true,"href":"https:\/\/fenixbijuterias.com.br\/index.php\/wp-json\/wp\/v2\/users\/1"}],"replies":[{"embeddable":true,"href":"https:\/\/fenixbijuterias.com.br\/index.php\/wp-json\/wp\/v2\/comments?post=20"}],"version-history":[{"count":73,"href":"https:\/\/fenixbijuterias.com.br\/index.php\/wp-json\/wp\/v2\/pages\/20\/revisions"}],"predecessor-version":[{"id":841,"href":"https:\/\/fenixbijuterias.com.br\/index.php\/wp-json\/wp\/v2\/pages\/20\/revisions\/841"}],"wp:attachment":[{"href":"https:\/\/fenixbijuterias.com.br\/index.php\/wp-json\/wp\/v2\/media?parent=20"}],"curies":[{"name":"wp","href":"https:\/\/api.w.org\/{rel}","templated":true}]}}